{"id":2415,"date":"2017-06-15T07:15:28","date_gmt":"2017-06-15T07:15:28","guid":{"rendered":"https:\/\/themesgavias.com\/wp\/indutri\/?page_id=2415"},"modified":"2021-05-30T23:16:36","modified_gmt":"2021-05-30T20:16:36","slug":"production","status":"publish","type":"page","link":"https:\/\/www.mastas.com.tr\/en\/production\/","title":{"rendered":"Production"},"content":{"rendered":"\t\t<div data-elementor-type=\"wp-post\" data-elementor-id=\"2415\" class=\"elementor elementor-2415\">\n\t\t\t\t\t\t<section class=\"elementor-section elementor-top-section elementor-element elementor-element-5f22f8c elementor-section-boxed elementor-section-height-default elementor-section-height-default\" data-id=\"5f22f8c\" data-element_type=\"section\">\n\t\t\t\t\t\t<div class=\"elementor-container elementor-column-gap-default\">\n\t\t\t\t\t<div class=\"elementor-column elementor-col-100 elementor-top-column elementor-element elementor-element-9399eb8 top column-style-top\" data-id=\"9399eb8\" data-element_type=\"column\">\n\t\t\t<div class=\"elementor-widget-wrap elementor-element-populated\">\n\t\t\t\t\t\t<div class=\"elementor-element elementor-element-c5047e1 elementor-widget elementor-widget-gva-heading-block\" data-id=\"c5047e1\" data-element_type=\"widget\" data-widget_type=\"gva-heading-block.default\">\n\t\t\t\t<div class=\"elementor-widget-container\">\n\t\t\t\t\t<div class=\"gva-element-gva-heading-block gva-element\">   <div class=\"align-center style-1 widget gsc-heading box-align-left\">\r\n      <div class=\"content-inner\">\r\n         \r\n                  \r\n                     <div class=\"clearfix\"><div class=\"sub-title\"><span>MASTA\u015e Makina Sanayi ve Ticaret A.\u015e.<\/span><\/div><\/div>\r\n           \r\n         \r\n                     <h2 class=\"title\">\r\n               <span>Production Units<\/span>\r\n            <\/h2>\r\n                  \r\n         \r\n      <\/div>\r\n   <\/div>\r\n   <div class=\"clearfix\"><\/div>\r\n<\/div>\t\t\t\t<\/div>\n\t\t\t\t<\/div>\n\t\t\t\t<div class=\"elementor-element elementor-element-585d632 elementor-widget elementor-widget-gva-portfolio\" data-id=\"585d632\" data-element_type=\"widget\" data-widget_type=\"gva-portfolio.default\">\n\t\t\t\t<div class=\"elementor-widget-container\">\n\t\t\t\t\t<div class=\"gva-element-gva-portfolio gva-element\">\r\n  <div class=\"gva-posts-grid clearfix grid-uf9y\" data-filter=\"uf9y\">\r\n        <div class=\"gva-content-items\"> \r\n      <div class=\"isotope-items view-portfolio lg-block-grid-3 md-block-grid-3 sm-block-grid-2 xs-block-grid-1 xx-block-grid-1\">\r\n        <div class=\"all painting  item-columns isotope-item\">\r\n   <div class=\"portfolio-block portfolio-v1\">      \r\n      <div class=\"images\">\r\n         <a class=\"link-image-content\" href=\"https:\/\/www.mastas.com.tr\/en\/service\/dyehouse\/\">\r\n            <img fetchpriority=\"high\" decoding=\"async\" width=\"950\" height=\"870\" src=\"https:\/\/www.mastas.com.tr\/en\/wp-content\/uploads\/2017\/03\/mastas-boyahane.jpg\" class=\"attachment-oxpitan_medium size-oxpitan_medium wp-post-image\" alt=\"\" srcset=\"https:\/\/www.mastas.com.tr\/en\/wp-content\/uploads\/2017\/03\/mastas-boyahane.jpg 950w, https:\/\/www.mastas.com.tr\/en\/wp-content\/uploads\/2017\/03\/mastas-boyahane-768x703.jpg 768w\" sizes=\"(max-width: 950px) 100vw, 950px\" \/>         <\/a>\r\n         <a class=\"link\" href=\"https:\/\/www.mastas.com.tr\/en\/service\/dyehouse\/\"><i class=\"fas fa-link\"><\/i><\/a>\r\n      <\/div>\r\n      <div class=\"portfolio-content\">\r\n         <div class=\"content-inner\">\r\n            <h3 class=\"title\"><a href=\"https:\/\/www.mastas.com.tr\/en\/service\/dyehouse\/\">Dyehouse<\/a><\/h3> \r\n            <div class=\"portfolio-meta\"><a href=\"https:\/\/www.mastas.com.tr\/en\/category-portfolio\/painting\/\" title=\"View all posts in Painting\">Painting<\/a><\/div>\r\n         <\/div>    \r\n      <\/div>   \r\n   <\/div>\r\n<\/div>\r\n\r\n  <div class=\"all cnc-sheet-metal-cutting  item-columns isotope-item\">\r\n   <div class=\"portfolio-block portfolio-v1\">      \r\n      <div class=\"images\">\r\n         <a class=\"link-image-content\" href=\"https:\/\/www.mastas.com.tr\/en\/service\/cnc-sheet-metal-cutting\/\">\r\n            <img decoding=\"async\" width=\"950\" height=\"870\" src=\"https:\/\/www.mastas.com.tr\/en\/wp-content\/uploads\/2020\/12\/mastas-cnc-sac-kesimi.jpg\" class=\"attachment-oxpitan_medium size-oxpitan_medium wp-post-image\" alt=\"\" srcset=\"https:\/\/www.mastas.com.tr\/en\/wp-content\/uploads\/2020\/12\/mastas-cnc-sac-kesimi.jpg 950w, https:\/\/www.mastas.com.tr\/en\/wp-content\/uploads\/2020\/12\/mastas-cnc-sac-kesimi-768x703.jpg 768w\" sizes=\"(max-width: 950px) 100vw, 950px\" \/>         <\/a>\r\n         <a class=\"link\" href=\"https:\/\/www.mastas.com.tr\/en\/service\/cnc-sheet-metal-cutting\/\"><i class=\"fas fa-link\"><\/i><\/a>\r\n      <\/div>\r\n      <div class=\"portfolio-content\">\r\n         <div class=\"content-inner\">\r\n            <h3 class=\"title\"><a href=\"https:\/\/www.mastas.com.tr\/en\/service\/cnc-sheet-metal-cutting\/\">CNC Sheet Metal Cutting<\/a><\/h3> \r\n            <div class=\"portfolio-meta\"><a href=\"https:\/\/www.mastas.com.tr\/en\/category-portfolio\/cnc-sheet-metal-cutting\/\" title=\"View all posts in CNC Sheet Metal Cutting\">CNC Sheet Metal Cutting<\/a><\/div>\r\n         <\/div>    \r\n      <\/div>   \r\n   <\/div>\r\n<\/div>\r\n\r\n  <div class=\"all robot-welding  item-columns isotope-item\">\r\n   <div class=\"portfolio-block portfolio-v1\">      \r\n      <div class=\"images\">\r\n         <a class=\"link-image-content\" href=\"https:\/\/www.mastas.com.tr\/en\/service\/welding-robot\/\">\r\n            <img decoding=\"async\" width=\"950\" height=\"870\" src=\"https:\/\/www.mastas.com.tr\/en\/wp-content\/uploads\/2020\/12\/mastas-kaynak-robotu.jpg\" class=\"attachment-oxpitan_medium size-oxpitan_medium wp-post-image\" alt=\"\" srcset=\"https:\/\/www.mastas.com.tr\/en\/wp-content\/uploads\/2020\/12\/mastas-kaynak-robotu.jpg 950w, https:\/\/www.mastas.com.tr\/en\/wp-content\/uploads\/2020\/12\/mastas-kaynak-robotu-768x703.jpg 768w\" sizes=\"(max-width: 950px) 100vw, 950px\" \/>         <\/a>\r\n         <a class=\"link\" href=\"https:\/\/www.mastas.com.tr\/en\/service\/welding-robot\/\"><i class=\"fas fa-link\"><\/i><\/a>\r\n      <\/div>\r\n      <div class=\"portfolio-content\">\r\n         <div class=\"content-inner\">\r\n            <h3 class=\"title\"><a href=\"https:\/\/www.mastas.com.tr\/en\/service\/welding-robot\/\">Welding Robot<\/a><\/h3> \r\n            <div class=\"portfolio-meta\"><a href=\"https:\/\/www.mastas.com.tr\/en\/category-portfolio\/robot-welding\/\" title=\"View all posts in Robot Welding\">Robot Welding<\/a><\/div>\r\n         <\/div>    \r\n      <\/div>   \r\n   <\/div>\r\n<\/div>\r\n\r\n  <div class=\"all welded-manufacturing  item-columns isotope-item\">\r\n   <div class=\"portfolio-block portfolio-v1\">      \r\n      <div class=\"images\">\r\n         <a class=\"link-image-content\" href=\"https:\/\/www.mastas.com.tr\/en\/service\/welded-manufacturing\/\">\r\n            <img loading=\"lazy\" decoding=\"async\" width=\"950\" height=\"870\" src=\"https:\/\/www.mastas.com.tr\/en\/wp-content\/uploads\/2020\/12\/montas-kaynak.jpg\" class=\"attachment-oxpitan_medium size-oxpitan_medium wp-post-image\" alt=\"\" srcset=\"https:\/\/www.mastas.com.tr\/en\/wp-content\/uploads\/2020\/12\/montas-kaynak.jpg 950w, https:\/\/www.mastas.com.tr\/en\/wp-content\/uploads\/2020\/12\/montas-kaynak-768x703.jpg 768w\" sizes=\"(max-width: 950px) 100vw, 950px\" \/>         <\/a>\r\n         <a class=\"link\" href=\"https:\/\/www.mastas.com.tr\/en\/service\/welded-manufacturing\/\"><i class=\"fas fa-link\"><\/i><\/a>\r\n      <\/div>\r\n      <div class=\"portfolio-content\">\r\n         <div class=\"content-inner\">\r\n            <h3 class=\"title\"><a href=\"https:\/\/www.mastas.com.tr\/en\/service\/welded-manufacturing\/\">Welded Manufacturing<\/a><\/h3> \r\n            <div class=\"portfolio-meta\"><a href=\"https:\/\/www.mastas.com.tr\/en\/category-portfolio\/welded-manufacturing\/\" title=\"View all posts in Welded Manufacturing\">Welded Manufacturing<\/a><\/div>\r\n         <\/div>    \r\n      <\/div>   \r\n   <\/div>\r\n<\/div>\r\n\r\n  <div class=\"all sandblasting  item-columns isotope-item\">\r\n   <div class=\"portfolio-block portfolio-v1\">      \r\n      <div class=\"images\">\r\n         <a class=\"link-image-content\" href=\"https:\/\/www.mastas.com.tr\/en\/service\/sandblasting\/\">\r\n            <img loading=\"lazy\" decoding=\"async\" width=\"950\" height=\"870\" src=\"https:\/\/www.mastas.com.tr\/en\/wp-content\/uploads\/2020\/12\/mastas-kumlama.jpg\" class=\"attachment-oxpitan_medium size-oxpitan_medium wp-post-image\" alt=\"\" srcset=\"https:\/\/www.mastas.com.tr\/en\/wp-content\/uploads\/2020\/12\/mastas-kumlama.jpg 950w, https:\/\/www.mastas.com.tr\/en\/wp-content\/uploads\/2020\/12\/mastas-kumlama-768x703.jpg 768w\" sizes=\"(max-width: 950px) 100vw, 950px\" \/>         <\/a>\r\n         <a class=\"link\" href=\"https:\/\/www.mastas.com.tr\/en\/service\/sandblasting\/\"><i class=\"fas fa-link\"><\/i><\/a>\r\n      <\/div>\r\n      <div class=\"portfolio-content\">\r\n         <div class=\"content-inner\">\r\n            <h3 class=\"title\"><a href=\"https:\/\/www.mastas.com.tr\/en\/service\/sandblasting\/\">Sandblasting<\/a><\/h3> \r\n            <div class=\"portfolio-meta\"><a href=\"https:\/\/www.mastas.com.tr\/en\/category-portfolio\/sandblasting\/\" title=\"View all posts in Sandblasting\">Sandblasting<\/a><\/div>\r\n         <\/div>    \r\n      <\/div>   \r\n   <\/div>\r\n<\/div>\r\n\r\n  <div class=\"all assembly  item-columns isotope-item\">\r\n   <div class=\"portfolio-block portfolio-v1\">      \r\n      <div class=\"images\">\r\n         <a class=\"link-image-content\" href=\"https:\/\/www.mastas.com.tr\/en\/service\/assembly\/\">\r\n            <img loading=\"lazy\" decoding=\"async\" width=\"950\" height=\"870\" src=\"https:\/\/www.mastas.com.tr\/en\/wp-content\/uploads\/2020\/12\/montas.jpg\" class=\"attachment-oxpitan_medium size-oxpitan_medium wp-post-image\" alt=\"\" srcset=\"https:\/\/www.mastas.com.tr\/en\/wp-content\/uploads\/2020\/12\/montas.jpg 950w, https:\/\/www.mastas.com.tr\/en\/wp-content\/uploads\/2020\/12\/montas-768x703.jpg 768w\" sizes=\"(max-width: 950px) 100vw, 950px\" \/>         <\/a>\r\n         <a class=\"link\" href=\"https:\/\/www.mastas.com.tr\/en\/service\/assembly\/\"><i class=\"fas fa-link\"><\/i><\/a>\r\n      <\/div>\r\n      <div class=\"portfolio-content\">\r\n         <div class=\"content-inner\">\r\n            <h3 class=\"title\"><a href=\"https:\/\/www.mastas.com.tr\/en\/service\/assembly\/\">Assembly<\/a><\/h3> \r\n            <div class=\"portfolio-meta\"><a href=\"https:\/\/www.mastas.com.tr\/en\/category-portfolio\/assembly\/\" title=\"View all posts in Assembly\">Assembly<\/a><\/div>\r\n         <\/div>    \r\n      <\/div>   \r\n   <\/div>\r\n<\/div>\r\n\r\n  <div class=\"all cylinder-welding-robot  item-columns isotope-item\">\r\n   <div class=\"portfolio-block portfolio-v1\">      \r\n      <div class=\"images\">\r\n         <a class=\"link-image-content\" href=\"https:\/\/www.mastas.com.tr\/en\/service\/cylinder-welding-robot\/\">\r\n            <img loading=\"lazy\" decoding=\"async\" width=\"950\" height=\"870\" src=\"https:\/\/www.mastas.com.tr\/en\/wp-content\/uploads\/2020\/12\/mastas-silindir-kaynak-robotu.jpg\" class=\"attachment-oxpitan_medium size-oxpitan_medium wp-post-image\" alt=\"\" srcset=\"https:\/\/www.mastas.com.tr\/en\/wp-content\/uploads\/2020\/12\/mastas-silindir-kaynak-robotu.jpg 950w, https:\/\/www.mastas.com.tr\/en\/wp-content\/uploads\/2020\/12\/mastas-silindir-kaynak-robotu-768x703.jpg 768w\" sizes=\"(max-width: 950px) 100vw, 950px\" \/>         <\/a>\r\n         <a class=\"link\" href=\"https:\/\/www.mastas.com.tr\/en\/service\/cylinder-welding-robot\/\"><i class=\"fas fa-link\"><\/i><\/a>\r\n      <\/div>\r\n      <div class=\"portfolio-content\">\r\n         <div class=\"content-inner\">\r\n            <h3 class=\"title\"><a href=\"https:\/\/www.mastas.com.tr\/en\/service\/cylinder-welding-robot\/\">Cylinder Welding Robot<\/a><\/h3> \r\n            <div class=\"portfolio-meta\"><a href=\"https:\/\/www.mastas.com.tr\/en\/category-portfolio\/cylinder-welding-robot\/\" title=\"View all posts in Cylinder Welding Robot\">Cylinder Welding Robot<\/a><\/div>\r\n         <\/div>    \r\n      <\/div>   \r\n   <\/div>\r\n<\/div>\r\n\r\n  <div class=\"all cylinder-assembly test-section  item-columns isotope-item\">\r\n   <div class=\"portfolio-block portfolio-v1\">      \r\n      <div class=\"images\">\r\n         <a class=\"link-image-content\" href=\"https:\/\/www.mastas.com.tr\/en\/service\/cylinder-assembly-test\/\">\r\n            <img loading=\"lazy\" decoding=\"async\" width=\"950\" height=\"870\" src=\"https:\/\/www.mastas.com.tr\/en\/wp-content\/uploads\/2020\/12\/mastas-silindir-montaj-test.jpg\" class=\"attachment-oxpitan_medium size-oxpitan_medium wp-post-image\" alt=\"\" srcset=\"https:\/\/www.mastas.com.tr\/en\/wp-content\/uploads\/2020\/12\/mastas-silindir-montaj-test.jpg 950w, https:\/\/www.mastas.com.tr\/en\/wp-content\/uploads\/2020\/12\/mastas-silindir-montaj-test-768x703.jpg 768w\" sizes=\"(max-width: 950px) 100vw, 950px\" \/>         <\/a>\r\n         <a class=\"link\" href=\"https:\/\/www.mastas.com.tr\/en\/service\/cylinder-assembly-test\/\"><i class=\"fas fa-link\"><\/i><\/a>\r\n      <\/div>\r\n      <div class=\"portfolio-content\">\r\n         <div class=\"content-inner\">\r\n            <h3 class=\"title\"><a href=\"https:\/\/www.mastas.com.tr\/en\/service\/cylinder-assembly-test\/\">Cylinder Assembly + Test<\/a><\/h3> \r\n            <div class=\"portfolio-meta\"><a href=\"https:\/\/www.mastas.com.tr\/en\/category-portfolio\/cylinder-assembly\/\" title=\"View all posts in Cylinder Assembly\">Cylinder Assembly<\/a> | <a href=\"https:\/\/www.mastas.com.tr\/en\/category-portfolio\/test-section\/\" title=\"View all posts in Test Section\">Test Section<\/a><\/div>\r\n         <\/div>    \r\n      <\/div>   \r\n   <\/div>\r\n<\/div>\r\n\r\n  <div class=\"all machining-vertical-and-horizontal-processing-center  item-columns isotope-item\">\r\n   <div class=\"portfolio-block portfolio-v1\">      \r\n      <div class=\"images\">\r\n         <a class=\"link-image-content\" href=\"https:\/\/www.mastas.com.tr\/en\/service\/machining\/\">\r\n            <img loading=\"lazy\" decoding=\"async\" width=\"950\" height=\"870\" src=\"https:\/\/www.mastas.com.tr\/en\/wp-content\/uploads\/2020\/12\/mastas-talasli-imalat.jpg\" class=\"attachment-oxpitan_medium size-oxpitan_medium wp-post-image\" alt=\"\" srcset=\"https:\/\/www.mastas.com.tr\/en\/wp-content\/uploads\/2020\/12\/mastas-talasli-imalat.jpg 950w, https:\/\/www.mastas.com.tr\/en\/wp-content\/uploads\/2020\/12\/mastas-talasli-imalat-768x703.jpg 768w\" sizes=\"(max-width: 950px) 100vw, 950px\" \/>         <\/a>\r\n         <a class=\"link\" href=\"https:\/\/www.mastas.com.tr\/en\/service\/machining\/\"><i class=\"fas fa-link\"><\/i><\/a>\r\n      <\/div>\r\n      <div class=\"portfolio-content\">\r\n         <div class=\"content-inner\">\r\n            <h3 class=\"title\"><a href=\"https:\/\/www.mastas.com.tr\/en\/service\/machining\/\">Machining<\/a><\/h3> \r\n            <div class=\"portfolio-meta\"><a href=\"https:\/\/www.mastas.com.tr\/en\/category-portfolio\/machining-vertical-and-horizontal-processing-center\/\" title=\"View all posts in Machining (Vertical and Horizontal Processing Center)\">Machining (Vertical and Horizontal Processing Center)<\/a><\/div>\r\n         <\/div>    \r\n      <\/div>   \r\n   <\/div>\r\n<\/div>\r\n\r\n  <div class=\"all thermal-deburring  item-columns isotope-item\">\r\n   <div class=\"portfolio-block portfolio-v1\">      \r\n      <div class=\"images\">\r\n         <a class=\"link-image-content\" href=\"https:\/\/www.mastas.com.tr\/en\/service\/thermal-deburring\/\">\r\n            <img loading=\"lazy\" decoding=\"async\" width=\"950\" height=\"870\" src=\"https:\/\/www.mastas.com.tr\/en\/wp-content\/uploads\/2020\/12\/mastas-Thermal-Capak-Alma.jpg\" class=\"attachment-oxpitan_medium size-oxpitan_medium wp-post-image\" alt=\"\" srcset=\"https:\/\/www.mastas.com.tr\/en\/wp-content\/uploads\/2020\/12\/mastas-Thermal-Capak-Alma.jpg 950w, https:\/\/www.mastas.com.tr\/en\/wp-content\/uploads\/2020\/12\/mastas-Thermal-Capak-Alma-768x703.jpg 768w\" sizes=\"(max-width: 950px) 100vw, 950px\" \/>         <\/a>\r\n         <a class=\"link\" href=\"https:\/\/www.mastas.com.tr\/en\/service\/thermal-deburring\/\"><i class=\"fas fa-link\"><\/i><\/a>\r\n      <\/div>\r\n      <div class=\"portfolio-content\">\r\n         <div class=\"content-inner\">\r\n            <h3 class=\"title\"><a href=\"https:\/\/www.mastas.com.tr\/en\/service\/thermal-deburring\/\">Thermal Deburring<\/a><\/h3> \r\n            <div class=\"portfolio-meta\"><a href=\"https:\/\/www.mastas.com.tr\/en\/category-portfolio\/thermal-deburring\/\" title=\"View all posts in Thermal Deburring\">Thermal Deburring<\/a><\/div>\r\n         <\/div>    \r\n      <\/div>   \r\n   <\/div>\r\n<\/div>\r\n\r\n        <\/div>\r\n    <\/div>\r\n      <\/div>\r\n  <\/div>\t\t\t\t<\/div>\n\t\t\t\t<\/div>\n\t\t\t\t\t<\/div>\n\t\t<\/div>\n\t\t\t\t\t<\/div>\n\t\t<\/section>\n\t\t\t\t<\/div>\n\t\t","protected":false},"excerpt":{"rendered":"<p>MASTA\u015e Makina Sanayi ve Ticaret A.\u015e. Production Units Boyahane Boyama CNC Sac Kesim CNC Sac Kesim Kaynak Robotu Robot Kaynak Kaynakl\u0131 \u0130malat Kaynakl\u0131 \u0130malat Kumlama Kumlama Montaj Montaj Silindir Kaynak Robotu Silindir Kaynak Robotu Silindir Montaj + Test Silindir Montaj | Test B\u00f6l\u00fcm\u00fc Tala\u015fl\u0131 \u0130malat Tala\u015fl\u0131 \u0130malat (Dik&amp;Yatay \u0130\u015flem Merkezi) Thermal \u00c7apak Alma Thermal \u00c7apak [&hellip;]<\/p>\n","protected":false},"author":1,"featured_media":0,"parent":0,"menu_order":0,"comment_status":"closed","ping_status":"closed","template":"","meta":{"footnotes":""},"class_list":["post-2415","page","type-page","status-publish","hentry"],"_links":{"self":[{"href":"https:\/\/www.mastas.com.tr\/en\/wp-json\/wp\/v2\/pages\/2415","targetHints":{"allow":["GET"]}}],"collection":[{"href":"https:\/\/www.mastas.com.tr\/en\/wp-json\/wp\/v2\/pages"}],"about":[{"href":"https:\/\/www.mastas.com.tr\/en\/wp-json\/wp\/v2\/types\/page"}],"author":[{"embeddable":true,"href":"https:\/\/www.mastas.com.tr\/en\/wp-json\/wp\/v2\/users\/1"}],"replies":[{"embeddable":true,"href":"https:\/\/www.mastas.com.tr\/en\/wp-json\/wp\/v2\/comments?post=2415"}],"version-history":[{"count":0,"href":"https:\/\/www.mastas.com.tr\/en\/wp-json\/wp\/v2\/pages\/2415\/revisions"}],"wp:attachment":[{"href":"https:\/\/www.mastas.com.tr\/en\/wp-json\/wp\/v2\/media?parent=2415"}],"curies":[{"name":"wp","href":"https:\/\/api.w.org\/{rel}","templated":true}]}}