{"id":11580,"date":"2021-01-22T14:37:03","date_gmt":"2021-01-22T11:37:03","guid":{"rendered":"https:\/\/www.mastas.com.tr\/?page_id=11580"},"modified":"2021-05-31T16:06:56","modified_gmt":"2021-05-31T13:06:56","slug":"products","status":"publish","type":"page","link":"https:\/\/www.mastas.com.tr\/en\/products\/","title":{"rendered":"Products"},"content":{"rendered":"\t\t<div data-elementor-type=\"wp-page\" data-elementor-id=\"11580\" class=\"elementor elementor-11580\">\n\t\t\t\t\t\t<section class=\"elementor-section elementor-top-section elementor-element elementor-element-6503f9c elementor-section-boxed elementor-section-height-default elementor-section-height-default\" data-id=\"6503f9c\" data-element_type=\"section\">\n\t\t\t\t\t\t<div class=\"elementor-container elementor-column-gap-default\">\n\t\t\t\t\t<div class=\"elementor-column elementor-col-50 elementor-top-column elementor-element elementor-element-94463df top column-style-top\" data-id=\"94463df\" data-element_type=\"column\">\n\t\t\t<div class=\"elementor-widget-wrap elementor-element-populated\">\n\t\t\t\t\t\t<div class=\"elementor-element elementor-element-31eef3d elementor-widget elementor-widget-gva-image-content\" data-id=\"31eef3d\" data-element_type=\"widget\" data-widget_type=\"gva-image-content.default\">\n\t\t\t\t<div class=\"elementor-widget-container\">\n\t\t\t\t\t<div class=\"gva-element-gva-image-content gva-element\">      \r\n         <div class=\"gsc-image-content skin-v1 triangles_styleyes\">\r\n        <div class=\"line-color\"><\/div>\r\n                  <div class=\"image\">\r\n                    <a href=\"\/hidrolik-silindir-urunleri\/\">\r\n          <img decoding=\"async\" src=\"https:\/\/www.mastas.com.tr\/wp-content\/uploads\/2021\/01\/hidrolik-slider-urunleri-min.jpg\" alt=\"Hidrolik Silindir \u00dcr\u00fcnleri\" \/>        <\/a>\r\n          \r\n          <\/div>\r\n        \r\n        \r\n      <\/div>\r\n     \r\n    \r\n    \r\n\r\n   \r\n <\/div>\t\t\t\t<\/div>\n\t\t\t\t<\/div>\n\t\t\t\t\t<\/div>\n\t\t<\/div>\n\t\t\t\t<div class=\"elementor-column elementor-col-50 elementor-top-column elementor-element elementor-element-e014542 top column-style-top\" data-id=\"e014542\" data-element_type=\"column\">\n\t\t\t<div class=\"elementor-widget-wrap elementor-element-populated\">\n\t\t\t\t\t\t<div class=\"elementor-element elementor-element-47b3e3c elementor-widget elementor-widget-gva-image-content\" data-id=\"47b3e3c\" data-element_type=\"widget\" data-widget_type=\"gva-image-content.default\">\n\t\t\t\t<div class=\"elementor-widget-container\">\n\t\t\t\t\t<div class=\"gva-element-gva-image-content gva-element\">      \r\n         <div class=\"gsc-image-content skin-v1 triangles_styleyes\">\r\n        <div class=\"line-color\"><\/div>\r\n                  <div class=\"image\">\r\n                    <a href=\"\/kaynakli-imalat-urunleri\/\">\r\n          <img decoding=\"async\" src=\"https:\/\/www.mastas.com.tr\/wp-content\/uploads\/2021\/01\/kaynakli-imalat-urunleri-min.jpg\" alt=\"Kaynakl\u0131 \u0130malat \u00dcr\u00fcnleri\" \/>        <\/a>\r\n          \r\n          <\/div>\r\n        \r\n        \r\n      <\/div>\r\n     \r\n    \r\n    \r\n\r\n   \r\n <\/div>\t\t\t\t<\/div>\n\t\t\t\t<\/div>\n\t\t\t\t\t<\/div>\n\t\t<\/div>\n\t\t\t\t\t<\/div>\n\t\t<\/section>\n\t\t\t\t<\/div>\n\t\t","protected":false},"excerpt":{"rendered":"","protected":false},"author":1,"featured_media":0,"parent":0,"menu_order":0,"comment_status":"closed","ping_status":"closed","template":"","meta":{"footnotes":""},"class_list":["post-11580","page","type-page","status-publish","hentry"],"_links":{"self":[{"href":"https:\/\/www.mastas.com.tr\/en\/wp-json\/wp\/v2\/pages\/11580","targetHints":{"allow":["GET"]}}],"collection":[{"href":"https:\/\/www.mastas.com.tr\/en\/wp-json\/wp\/v2\/pages"}],"about":[{"href":"https:\/\/www.mastas.com.tr\/en\/wp-json\/wp\/v2\/types\/page"}],"author":[{"embeddable":true,"href":"https:\/\/www.mastas.com.tr\/en\/wp-json\/wp\/v2\/users\/1"}],"replies":[{"embeddable":true,"href":"https:\/\/www.mastas.com.tr\/en\/wp-json\/wp\/v2\/comments?post=11580"}],"version-history":[{"count":0,"href":"https:\/\/www.mastas.com.tr\/en\/wp-json\/wp\/v2\/pages\/11580\/revisions"}],"wp:attachment":[{"href":"https:\/\/www.mastas.com.tr\/en\/wp-json\/wp\/v2\/media?parent=11580"}],"curies":[{"name":"wp","href":"https:\/\/api.w.org\/{rel}","templated":true}]}}